{"id":398,"date":"2017-04-05T11:38:40","date_gmt":"2017-04-05T11:38:40","guid":{"rendered":"http:\/\/ceak.se\/?page_id=398"},"modified":"2025-11-04T20:08:58","modified_gmt":"2025-11-04T20:08:58","slug":"start","status":"publish","type":"page","link":"https:\/\/ceak.se\/","title":{"rendered":"VVS och Styr och \u00f6vervakning"},"content":{"rendered":"\n<p>Vi utf\u00f6r projekteringar, utredningar och besiktningar!<\/p>\n\n\n<table style=\"height: 82px;\" border=\"0\" width=\"678\" cellspacing=\"0\" cellpadding=\"0\">\n<tbody>\n<tr>\n<td valign=\"top\">Ring oss p\u00e5<\/td>\n<td style=\"text-align: left;\" valign=\"top\">Kvalitet och milj\u00f6<\/td>\n<td style=\"text-align: left;\" valign=\"top\">\u00a0<\/td>\n<td valign=\"top\">\u00a0<\/td>\n<\/tr>\n<tr>\n<td valign=\"top\">\n<h6>031-334 32 40<\/h6>\n<\/td>\n<td valign=\"bottom\"><img loading=\"lazy\" decoding=\"async\" class=\"wp-image-751 alignleft\" src=\"https:\/\/ceak.se\/wp-content\/uploads\/2023\/09\/FR2000SV.png\" alt=\"\" width=\"159\" height=\"159\" srcset=\"https:\/\/ceak.se\/wp-content\/uploads\/2023\/09\/FR2000SV.png 1598w, https:\/\/ceak.se\/wp-content\/uploads\/2023\/09\/FR2000SV-150x150.png 150w, https:\/\/ceak.se\/wp-content\/uploads\/2023\/09\/FR2000SV-300x300.png 300w, https:\/\/ceak.se\/wp-content\/uploads\/2023\/09\/FR2000SV-768x768.png 768w, https:\/\/ceak.se\/wp-content\/uploads\/2023\/09\/FR2000SV-1024x1024.png 1024w\" sizes=\"auto, (max-width: 159px) 100vw, 159px\" \/><\/td>\n<td valign=\"bottom\">\n<h6>\u00a0<\/h6>\n<\/td>\n<td valign=\"top\">\u00a0<\/td>\n<\/tr>\n<tr>\n<td style=\"text-align: left;\" valign=\"top\">\u00a0<\/td>\n<td style=\"text-align: left;\" valign=\"top\">Vi \u00e4r kvalitets och<br \/>milj\u00f6certifierade!<\/td>\n<td style=\"text-align: left;\" valign=\"top\">\u00a0<\/td>\n<td valign=\"top\">\u00a0<\/td>\n<\/tr>\n<\/tbody>\n<\/table>\n\n\n<p><\/p>\n","protected":false},"excerpt":{"rendered":"<p>Vi utf\u00f6r projekteringar, utredningar och besiktningar! Ring oss p\u00e5 Kvalitet och milj\u00f6 \u00a0 \u00a0 031-334 32 40 \u00a0 \u00a0 \u00a0 Vi \u00e4r kvalitets ochmilj\u00f6certifierade! \u00a0 \u00a0<\/p>\n","protected":false},"author":1,"featured_media":0,"parent":0,"menu_order":0,"comment_status":"closed","ping_status":"closed","template":"","meta":{"footnotes":""},"class_list":["post-398","page","type-page","status-publish","hentry"],"_links":{"self":[{"href":"https:\/\/ceak.se\/index.php?rest_route=\/wp\/v2\/pages\/398","targetHints":{"allow":["GET"]}}],"collection":[{"href":"https:\/\/ceak.se\/index.php?rest_route=\/wp\/v2\/pages"}],"about":[{"href":"https:\/\/ceak.se\/index.php?rest_route=\/wp\/v2\/types\/page"}],"author":[{"embeddable":true,"href":"https:\/\/ceak.se\/index.php?rest_route=\/wp\/v2\/users\/1"}],"replies":[{"embeddable":true,"href":"https:\/\/ceak.se\/index.php?rest_route=%2Fwp%2Fv2%2Fcomments&post=398"}],"version-history":[{"count":58,"href":"https:\/\/ceak.se\/index.php?rest_route=\/wp\/v2\/pages\/398\/revisions"}],"predecessor-version":[{"id":882,"href":"https:\/\/ceak.se\/index.php?rest_route=\/wp\/v2\/pages\/398\/revisions\/882"}],"wp:attachment":[{"href":"https:\/\/ceak.se\/index.php?rest_route=%2Fwp%2Fv2%2Fmedia&parent=398"}],"curies":[{"name":"wp","href":"https:\/\/api.w.org\/{rel}","templated":true}]}}