{"id":22,"date":"2011-09-13T22:04:15","date_gmt":"2011-09-13T20:04:15","guid":{"rendered":"http:\/\/famnordling.se\/ceak\/?page_id=22"},"modified":"2025-11-04T20:34:28","modified_gmt":"2025-11-04T20:34:28","slug":"kvalitet-och-miljo","status":"publish","type":"page","link":"https:\/\/ceak.se\/?page_id=22","title":{"rendered":"Kvalitet och Milj\u00f6"},"content":{"rendered":"\n<p>Vi \u00e4r certifierade enligt FR2000, en Kvalitets- och Milj\u00f6certifiering.<\/p>\n\n\n\n<p>Fr\u00e5n FR2000s hemsida:<\/p>\n\n\n\n<p><em>FR2000 \u00e4r en kravstandard f\u00f6r ledningssystem med fokus p\u00e5 kvalitet, milj\u00f6 och arbetsmilj\u00f6. Standarden utg\u00e5r fr\u00e5n principerna i ISO-standarderna 9001, 14001 och ISO 45001 och inneh\u00e5ller krav p\u00e5 policy, m\u00e5l och handlingsplaner, lagar och andra krav, marknad och f\u00f6rs\u00e4ljning, konstruktion, utveckling, ink\u00f6p, produktion, leverans, interna revisioner, avvikelsehantering och f\u00f6rb\u00e4ttringar samt ledningens genomg\u00e5ng.<\/em><\/p>\n\n\n\n<p><em>FR2000 bed\u00f6ms som likv\u00e4rdig med ISO-standarderna i offentliga upphandlingar.<\/em><\/p>\n\n\n\n<p><em>Ett erh\u00e5llet FR2000 certifikat \u00e4r ett bevis p\u00e5 att det finns struktur, kontroll och systematik g\u00e4llande ett f\u00f6retages arbete med kvalitet, milj\u00f6 och arbetsmilj\u00f6.<\/em><\/p>\n\n\n\n<p><em>FR2000 \u00e4r applicerbart inom alla branscher f\u00f6r fr\u00e4mst till sm\u00e5 och mellanstora f\u00f6retag.<\/em><\/p>\n\n\n\n<p><a href=\"https:\/\/ceak.se\/wp-content\/uploads\/2025\/11\/FR0839_CEAK_VVS_Konsult_AB_sv.pdf\">Certifikat FR0839 CEAK VVS Konsult AB<\/a><\/p>\n\n\n<div class=\"wp-block-image\">\n<figure class=\"alignleft\"><a href=\"http:\/\/www.fr2000.se\"><img loading=\"lazy\" decoding=\"async\" width=\"140\" height=\"69\" src=\"https:\/\/ceak.se\/wp-content\/uploads\/2011\/09\/FR-pos-rgb-140.png\" alt=\"\" class=\"wp-image-542\"\/><\/a><\/figure><\/div>","protected":false},"excerpt":{"rendered":"<p>Vi \u00e4r certifierade enligt FR2000, en Kvalitets- och Milj\u00f6certifiering. Fr\u00e5n FR2000s hemsida: FR2000 \u00e4r en kravstandard f\u00f6r ledningssystem med fokus p\u00e5 kvalitet, milj\u00f6 och arbetsmilj\u00f6. Standarden utg\u00e5r fr\u00e5n principerna i ISO-standarderna 9001, 14001 och ISO 45001 och inneh\u00e5ller krav p\u00e5 policy, m\u00e5l och handlingsplaner, lagar och andra krav, marknad och f\u00f6rs\u00e4ljning, konstruktion, utveckling, ink\u00f6p, produktion, &hellip; <\/p>\n<p class=\"link-more\"><a href=\"https:\/\/ceak.se\/?page_id=22\" class=\"more-link\">Forts\u00e4tt l\u00e4sa<span class=\"screen-reader-text\"> \u201dKvalitet och Milj\u00f6\u201d<\/span><\/a><\/p>\n","protected":false},"author":1,"featured_media":0,"parent":0,"menu_order":40,"comment_status":"closed","ping_status":"closed","template":"","meta":{"footnotes":""},"class_list":["post-22","page","type-page","status-publish","hentry"],"_links":{"self":[{"href":"https:\/\/ceak.se\/index.php?rest_route=\/wp\/v2\/pages\/22","targetHints":{"allow":["GET"]}}],"collection":[{"href":"https:\/\/ceak.se\/index.php?rest_route=\/wp\/v2\/pages"}],"about":[{"href":"https:\/\/ceak.se\/index.php?rest_route=\/wp\/v2\/types\/page"}],"author":[{"embeddable":true,"href":"https:\/\/ceak.se\/index.php?rest_route=\/wp\/v2\/users\/1"}],"replies":[{"embeddable":true,"href":"https:\/\/ceak.se\/index.php?rest_route=%2Fwp%2Fv2%2Fcomments&post=22"}],"version-history":[{"count":34,"href":"https:\/\/ceak.se\/index.php?rest_route=\/wp\/v2\/pages\/22\/revisions"}],"predecessor-version":[{"id":893,"href":"https:\/\/ceak.se\/index.php?rest_route=\/wp\/v2\/pages\/22\/revisions\/893"}],"wp:attachment":[{"href":"https:\/\/ceak.se\/index.php?rest_route=%2Fwp%2Fv2%2Fmedia&parent=22"}],"curies":[{"name":"wp","href":"https:\/\/api.w.org\/{rel}","templated":true}]}}