{"id":15,"date":"2011-09-13T22:01:00","date_gmt":"2011-09-13T20:01:00","guid":{"rendered":"http:\/\/famnordling.se\/ceak\/?page_id=15"},"modified":"2025-11-04T21:51:38","modified_gmt":"2025-11-04T21:51:38","slug":"tjanster","status":"publish","type":"page","link":"https:\/\/ceak.se\/?page_id=15","title":{"rendered":"Tj\u00e4nster och Uppdrag"},"content":{"rendered":"\n<h6 class=\"wp-block-heading\"><strong>Exempel p\u00e5 tj\u00e4nster<\/strong><\/h6>\n\n\n\n<ul class=\"wp-block-list\">\n<li>Energiutredningar<\/li>\n\n\n\n<li>Utredningar<\/li>\n\n\n\n<li>M\u00e4tningar<\/li>\n\n\n\n<li>Kostnadskalkyler<\/li>\n\n\n\n<li>Projekteringar<\/li>\n\n\n\n<li>Kontroller<\/li>\n\n\n\n<li>Besiktningar<\/li>\n<\/ul>\n\n\n\n<h6 class=\"wp-block-heading\"><strong>Exempel p\u00e5 uppdragsomr\u00e5den<\/strong><\/h6>\n\n\n\n<ul class=\"wp-block-list\">\n<li>Kontorsbyggnader<\/li>\n\n\n\n<li>Skolor och f\u00f6rskolor<\/li>\n\n\n\n<li>Industrier<\/li>\n\n\n\n<li>Restauranger<\/li>\n\n\n\n<li>Hotell<\/li>\n\n\n\n<li>Bost\u00e4der<\/li>\n\n\n\n<li>\u00c4ldreboenden<\/li>\n\n\n\n<li>LSS\/BmSS-boenden<\/li>\n<\/ul>\n","protected":false},"excerpt":{"rendered":"<p>Exempel p\u00e5 tj\u00e4nster Exempel p\u00e5 uppdragsomr\u00e5den<\/p>\n","protected":false},"author":1,"featured_media":0,"parent":0,"menu_order":20,"comment_status":"closed","ping_status":"closed","template":"template-parts\/homepage-template.php","meta":{"footnotes":""},"class_list":["post-15","page","type-page","status-publish","hentry"],"_links":{"self":[{"href":"https:\/\/ceak.se\/index.php?rest_route=\/wp\/v2\/pages\/15","targetHints":{"allow":["GET"]}}],"collection":[{"href":"https:\/\/ceak.se\/index.php?rest_route=\/wp\/v2\/pages"}],"about":[{"href":"https:\/\/ceak.se\/index.php?rest_route=\/wp\/v2\/types\/page"}],"author":[{"embeddable":true,"href":"https:\/\/ceak.se\/index.php?rest_route=\/wp\/v2\/users\/1"}],"replies":[{"embeddable":true,"href":"https:\/\/ceak.se\/index.php?rest_route=%2Fwp%2Fv2%2Fcomments&post=15"}],"version-history":[{"count":31,"href":"https:\/\/ceak.se\/index.php?rest_route=\/wp\/v2\/pages\/15\/revisions"}],"predecessor-version":[{"id":919,"href":"https:\/\/ceak.se\/index.php?rest_route=\/wp\/v2\/pages\/15\/revisions\/919"}],"wp:attachment":[{"href":"https:\/\/ceak.se\/index.php?rest_route=%2Fwp%2Fv2%2Fmedia&parent=15"}],"curies":[{"name":"wp","href":"https:\/\/api.w.org\/{rel}","templated":true}]}}